{"id":436,"date":"2023-01-10T19:52:27","date_gmt":"2023-01-10T18:52:27","guid":{"rendered":"https:\/\/slagrklub.cz\/?page_id=436"},"modified":"2024-10-15T10:49:37","modified_gmt":"2024-10-15T08:49:37","slug":"vip-akcionar-slagr-klubu-a-s","status":"publish","type":"page","link":"https:\/\/slagrklub.cz\/?page_id=436","title":{"rendered":"VIP akcion\u00e1\u0159 \u0160l\u00e1gr klubu a.s."},"content":{"rendered":"\t\t<div data-elementor-type=\"wp-page\" data-elementor-id=\"436\" class=\"elementor elementor-436\">\n\t\t\t\t\t\t<section class=\"elementor-section elementor-top-section elementor-element elementor-element-cf4c205 elementor-section-boxed elementor-section-height-default elementor-section-height-default\" data-id=\"cf4c205\" data-element_type=\"section\" data-e-type=\"section\" data-settings=\"{&quot;background_background&quot;:&quot;classic&quot;}\">\n\t\t\t\t\t\t<div class=\"elementor-container elementor-column-gap-default\">\n\t\t\t\t\t<div class=\"elementor-column elementor-col-66 elementor-top-column elementor-element elementor-element-12277ae\" data-id=\"12277ae\" data-element_type=\"column\" data-e-type=\"column\">\n\t\t\t<div class=\"elementor-widget-wrap elementor-element-populated\">\n\t\t\t\t\t\t<div class=\"elementor-element elementor-element-d9e10d7 elementor-widget elementor-widget-heading\" data-id=\"d9e10d7\" data-element_type=\"widget\" data-e-type=\"widget\" data-widget_type=\"heading.default\">\n\t\t\t\t<div class=\"elementor-widget-container\">\n\t\t\t\t\t<h2 class=\"elementor-heading-title elementor-size-default\">Sta\u0148te se VIP akcion\u00e1\u0159em<\/h2>\t\t\t\t<\/div>\n\t\t\t\t<\/div>\n\t\t\t\t<div class=\"elementor-element elementor-element-2c8547e elementor-widget elementor-widget-text-editor\" data-id=\"2c8547e\" data-element_type=\"widget\" data-e-type=\"widget\" data-widget_type=\"text-editor.default\">\n\t\t\t\t<div class=\"elementor-widget-container\">\n\t\t\t\t\t\t\t\t\t<p>Jsou b\u011b\u017en\u00ed akcion\u00e1\u0159i a jsou VIP akcion\u00e1\u0159i. A st\u00e1t se VIP akcion\u00e1\u0159em nen\u00ed o tom m\u00edt nejv\u00edc akci\u00ed, ale m\u00edt od ka\u017ed\u00e9ho druhu akcie alespo\u0148 jeden kus. Jedn\u00e1 se tedy o soubor akci\u00ed v nomin\u00e1ln\u00ed hodnot\u011b 1 000 K\u010d, 2 000 K\u010d, 3 000 K\u010d, 4 000 K\u010d, 5 000 K\u010d a 10 000 K\u010d. Tady celkem za 25 000 K\u010d. A to je v\u0161e. T\u00edm se v na\u0161ich o\u010d\u00edch st\u00e1v\u00e1te VIP akcion\u00e1\u0159em a m\u00e1te mnoho v\u00fdhod oproti b\u011b\u017en\u00fdm akcion\u00e1\u0159\u016fm.<\/p>\t\t\t\t\t\t\t\t<\/div>\n\t\t\t\t<\/div>\n\t\t\t\t<section class=\"elementor-section elementor-inner-section elementor-element elementor-element-61a6b87 elementor-section-boxed elementor-section-height-default elementor-section-height-default\" data-id=\"61a6b87\" data-element_type=\"section\" data-e-type=\"section\">\n\t\t\t\t\t\t<div class=\"elementor-container elementor-column-gap-default\">\n\t\t\t\t\t<div class=\"elementor-column elementor-col-50 elementor-inner-column elementor-element elementor-element-a3f8cc5\" data-id=\"a3f8cc5\" data-element_type=\"column\" data-e-type=\"column\">\n\t\t\t<div class=\"elementor-widget-wrap elementor-element-populated\">\n\t\t\t\t\t\t<div class=\"elementor-element elementor-element-6b5b7f4 elementor-widget elementor-widget-image\" data-id=\"6b5b7f4\" data-element_type=\"widget\" data-e-type=\"widget\" data-widget_type=\"image.default\">\n\t\t\t\t<div class=\"elementor-widget-container\">\n\t\t\t\t\t\t\t\t\t\t\t\t\t\t\t<img fetchpriority=\"high\" decoding=\"async\" width=\"1024\" height=\"700\" src=\"https:\/\/slagrklub.cz\/wp-content\/uploads\/2023\/01\/Uvodni-banner1024x700.webp\" class=\"attachment-large size-large wp-image-56\" alt=\"\" srcset=\"https:\/\/slagrklub.cz\/wp-content\/uploads\/2023\/01\/Uvodni-banner1024x700.webp 1024w, https:\/\/slagrklub.cz\/wp-content\/uploads\/2023\/01\/Uvodni-banner1024x700-300x205.webp 300w, https:\/\/slagrklub.cz\/wp-content\/uploads\/2023\/01\/Uvodni-banner1024x700-768x525.webp 768w\" sizes=\"(max-width: 1024px) 100vw, 1024px\" \/>\t\t\t\t\t\t\t\t\t\t\t\t\t\t\t<\/div>\n\t\t\t\t<\/div>\n\t\t\t\t\t<\/div>\n\t\t<\/div>\n\t\t\t\t<div class=\"elementor-column elementor-col-50 elementor-inner-column elementor-element elementor-element-ac2b628\" data-id=\"ac2b628\" data-element_type=\"column\" data-e-type=\"column\">\n\t\t\t<div class=\"elementor-widget-wrap elementor-element-populated\">\n\t\t\t\t\t\t<div class=\"elementor-element elementor-element-5048470 elementor-widget elementor-widget-heading\" data-id=\"5048470\" data-element_type=\"widget\" data-e-type=\"widget\" data-widget_type=\"heading.default\">\n\t\t\t\t<div class=\"elementor-widget-container\">\n\t\t\t\t\t<h2 class=\"elementor-heading-title elementor-size-default\">VIP bal\u00ed\u010dek akci\u00ed<\/h2>\t\t\t\t<\/div>\n\t\t\t\t<\/div>\n\t\t\t\t<div class=\"elementor-element elementor-element-a2409f6 elementor-widget elementor-widget-text-editor\" data-id=\"a2409f6\" data-element_type=\"widget\" data-e-type=\"widget\" data-widget_type=\"text-editor.default\">\n\t\t\t\t<div class=\"elementor-widget-container\">\n\t\t\t\t\t\t\t\t\t<p>Tento bal\u00ed\u010dk akci\u00ed V\u00e1m otev\u00edr\u00e1 mo\u017enosti \u00fa\u010dasti na mnoha akc\u00ed ur\u010den\u00fdch pouze VIP akcion\u00e1\u0159\u016f. Tak nev\u00e1hejte s n\u00e1kupem.<\/p><p>\u00a0<\/p>\t\t\t\t\t\t\t\t<\/div>\n\t\t\t\t<\/div>\n\t\t\t\t\t<\/div>\n\t\t<\/div>\n\t\t\t\t\t<\/div>\n\t\t<\/section>\n\t\t\t\t<div class=\"elementor-element elementor-element-bbb65b5 elementor-widget elementor-widget-heading\" data-id=\"bbb65b5\" data-element_type=\"widget\" data-e-type=\"widget\" data-widget_type=\"heading.default\">\n\t\t\t\t<div class=\"elementor-widget-container\">\n\t\t\t\t\t<h2 class=\"elementor-heading-title elementor-size-default\">3. vlna prodeje akci\u00ed kon\u010d\u00ed 31. 12. 2024<\/h2>\t\t\t\t<\/div>\n\t\t\t\t<\/div>\n\t\t\t\t<div class=\"elementor-element elementor-element-9d301f1 elementor-widget elementor-widget-text-editor\" data-id=\"9d301f1\" data-element_type=\"widget\" data-e-type=\"widget\" data-widget_type=\"text-editor.default\">\n\t\t\t\t<div class=\"elementor-widget-container\">\n\t\t\t\t\t\t\t\t\t<p>V druh\u00e9 vln\u011b je mo\u017eno <a href=\"https:\/\/slagrklub.cz\/?page_id=436\">po\u0159\u00edd\u00edt akcie<\/a> s a\u017eio 20%.\u00a0 Tato nab\u00eddka kon\u010d\u00ed 31. 12. 2024 ve 23:59, tedy bal\u00ed\u010dek akci\u00ed v hodnot\u011b 25.000 K\u010d koupit za 30.000 K\u010d\u00a0 N\u00e1sledn\u011b bude n\u00e1kupn\u00ed cena nav\u00fd\u0161ena na 30%. Pak tedy ji\u017e bude mo\u017eno nakoupit akcii v hodnot\u011b 25.000 K\u010d za 32.500 K\u010d. Tato p\u0159\u00edle\u017eitost tedy vypr\u0161\u00ed za:<\/p>\t\t\t\t\t\t\t\t<\/div>\n\t\t\t\t<\/div>\n\t\t\t\t<div class=\"elementor-element elementor-element-ee1b961 elementor-widget elementor-widget-countdown\" data-id=\"ee1b961\" data-element_type=\"widget\" data-e-type=\"widget\" data-widget_type=\"countdown.default\">\n\t\t\t\t<div class=\"elementor-widget-container\">\n\t\t\t\t\t \t\t\t\t<\/div>\n\t\t\t\t<\/div>\n\t\t\t\t\t<\/div>\n\t\t<\/div>\n\t\t\t\t<div class=\"elementor-column elementor-col-33 elementor-top-column elementor-element elementor-element-80ff734\" data-id=\"80ff734\" data-element_type=\"column\" data-e-type=\"column\">\n\t\t\t<div class=\"elementor-widget-wrap elementor-element-populated\">\n\t\t\t\t\t\t<div class=\"elementor-element elementor-element-1e96b97 elementor-widget elementor-widget-html\" data-id=\"1e96b97\" data-element_type=\"widget\" data-e-type=\"widget\" data-widget_type=\"html.default\">\n\t\t\t\t<div class=\"elementor-widget-container\">\n\t\t\t\t\t<script src=\"https:\/\/se-forms.cz\/\/public\/web-forms-v2\/subscribe\/142090-sy3gfe2v3wr8a27pc46x27qiilwqwpfznezpkn89faikjiwd59s2yz8p4g7v851sbiyi0b3ksrf6leecz2qsfx8k56iqqhs7e369\" id=\"se-webformScriptLoader-142090-sy3gfe2v3wr8a27pc46x27qiilwqwpfznezpkn89faikjiwd59s2yz8p4g7v851sbiyi0b3ksrf6leecz2qsfx8k56iqqhs7e369\" async defer><\/script>\n\t\t\t\t<\/div>\n\t\t\t\t<\/div>\n\t\t\t\t\t<\/div>\n\t\t<\/div>\n\t\t\t\t\t<\/div>\n\t\t<\/section>\n\t\t\t\t<section class=\"elementor-section elementor-top-section elementor-element elementor-element-e947eeb elementor-section-boxed elementor-section-height-default elementor-section-height-default\" data-id=\"e947eeb\" data-element_type=\"section\" data-e-type=\"section\">\n\t\t\t\t\t\t<div class=\"elementor-container elementor-column-gap-default\">\n\t\t\t\t\t<div class=\"elementor-column elementor-col-100 elementor-top-column elementor-element elementor-element-7656651\" data-id=\"7656651\" data-element_type=\"column\" data-e-type=\"column\">\n\t\t\t<div class=\"elementor-widget-wrap elementor-element-populated\">\n\t\t\t\t\t\t<div class=\"elementor-element elementor-element-f841d63 elementor-widget elementor-widget-nav-menu\" data-id=\"f841d63\" data-element_type=\"widget\" data-e-type=\"widget\" data-widget_type=\"nav-menu.default\">\n\t\t\t\t<div class=\"elementor-widget-container\">\n\t\t\t\t\t \t\t\t\t<\/div>\n\t\t\t\t<\/div>\n\t\t\t\t\t<\/div>\n\t\t<\/div>\n\t\t\t\t\t<\/div>\n\t\t<\/section>\n\t\t\t\t<\/div>\n\t\t","protected":false},"excerpt":{"rendered":"<p>Sta\u0148te se VIP akcion\u00e1\u0159em Jsou b\u011b\u017en\u00ed akcion\u00e1\u0159i a jsou VIP akcion\u00e1\u0159i. A st\u00e1t se VIP akcion\u00e1\u0159em nen\u00ed o tom m\u00edt nejv\u00edc akci\u00ed, ale m\u00edt od ka\u017ed\u00e9ho druhu akcie alespo\u0148 jeden kus. Jedn\u00e1 se tedy o soubor akci\u00ed v nomin\u00e1ln\u00ed hodnot\u011b 1 000 K\u010d, 2 000 K\u010d, 3 000 K\u010d, 4 000 K\u010d, 5 000 K\u010d [&hellip;]<\/p>\n","protected":false},"author":2,"featured_media":0,"parent":0,"menu_order":0,"comment_status":"closed","ping_status":"closed","template":"","meta":{"site-sidebar-layout":"no-sidebar","site-content-layout":"page-builder","ast-site-content-layout":"default","site-content-style":"default","site-sidebar-style":"default","ast-global-header-display":"","ast-banner-title-visibility":"","ast-main-header-display":"","ast-hfb-above-header-display":"","ast-hfb-below-header-display":"","ast-hfb-mobile-header-display":"","site-post-title":"disabled","ast-breadcrumbs-content":"","ast-featured-img":"disabled","footer-sml-layout":"","ast-disable-related-posts":"","theme-transparent-header-meta":"","adv-header-id-meta":"","stick-header-meta":"","header-above-stick-meta":"","header-main-stick-meta":"","header-below-stick-meta":"","astra-migrate-meta-layouts":"default","ast-page-background-enabled":"default","ast-page-background-meta":{"desktop":{"background-color":"var(--ast-global-color-4)","background-image":"","background-repeat":"repeat","background-position":"center center","background-size":"auto","background-attachment":"scroll","background-type":"","background-media":"","overlay-type":"","overlay-color":"","overlay-opacity":"","overlay-gradient":""},"tablet":{"background-color":"","background-image":"","background-repeat":"repeat","background-position":"center center","background-size":"auto","background-attachment":"scroll","background-type":"","background-media":"","overlay-type":"","overlay-color":"","overlay-opacity":"","overlay-gradient":""},"mobile":{"background-color":"","background-image":"","background-repeat":"repeat","background-position":"center center","background-size":"auto","background-attachment":"scroll","background-type":"","background-media":"","overlay-type":"","overlay-color":"","overlay-opacity":"","overlay-gradient":""}},"ast-content-background-meta":{"desktop":{"background-color":"var(--ast-global-color-5)","background-image":"","background-repeat":"repeat","background-position":"center center","background-size":"auto","background-attachment":"scroll","background-type":"","background-media":"","overlay-type":"","overlay-color":"","overlay-opacity":"","overlay-gradient":""},"tablet":{"background-color":"var(--ast-global-color-5)","background-image":"","background-repeat":"repeat","background-position":"center center","background-size":"auto","background-attachment":"scroll","background-type":"","background-media":"","overlay-type":"","overlay-color":"","overlay-opacity":"","overlay-gradient":""},"mobile":{"background-color":"var(--ast-global-color-5)","background-image":"","background-repeat":"repeat","background-position":"center center","background-size":"auto","background-attachment":"scroll","background-type":"","background-media":"","overlay-type":"","overlay-color":"","overlay-opacity":"","overlay-gradient":""}},"footnotes":""},"class_list":["post-436","page","type-page","status-publish","hentry"],"_links":{"self":[{"href":"https:\/\/slagrklub.cz\/index.php?rest_route=\/wp\/v2\/pages\/436","targetHints":{"allow":["GET"]}}],"collection":[{"href":"https:\/\/slagrklub.cz\/index.php?rest_route=\/wp\/v2\/pages"}],"about":[{"href":"https:\/\/slagrklub.cz\/index.php?rest_route=\/wp\/v2\/types\/page"}],"author":[{"embeddable":true,"href":"https:\/\/slagrklub.cz\/index.php?rest_route=\/wp\/v2\/users\/2"}],"replies":[{"embeddable":true,"href":"https:\/\/slagrklub.cz\/index.php?rest_route=%2Fwp%2Fv2%2Fcomments&post=436"}],"version-history":[{"count":88,"href":"https:\/\/slagrklub.cz\/index.php?rest_route=\/wp\/v2\/pages\/436\/revisions"}],"predecessor-version":[{"id":852,"href":"https:\/\/slagrklub.cz\/index.php?rest_route=\/wp\/v2\/pages\/436\/revisions\/852"}],"wp:attachment":[{"href":"https:\/\/slagrklub.cz\/index.php?rest_route=%2Fwp%2Fv2%2Fmedia&parent=436"}],"curies":[{"name":"wp","href":"https:\/\/api.w.org\/{rel}","templated":true}]}}