{"id":40,"date":"2023-01-04T17:56:03","date_gmt":"2023-01-04T16:56:03","guid":{"rendered":"https:\/\/slagrklub.cz\/?page_id=40"},"modified":"2025-07-14T11:16:51","modified_gmt":"2025-07-14T09:16:51","slug":"slagr-klub-a-s","status":"publish","type":"page","link":"https:\/\/slagrklub.cz\/","title":{"rendered":"\u0160l\u00e1gr klub a.s."},"content":{"rendered":"\t\t<div data-elementor-type=\"wp-page\" data-elementor-id=\"40\" class=\"elementor elementor-40\">\n\t\t\t\t\t\t<section class=\"elementor-section elementor-top-section elementor-element elementor-element-b4d4298 elementor-section-boxed elementor-section-height-default elementor-section-height-default\" data-id=\"b4d4298\" data-element_type=\"section\" data-e-type=\"section\" data-settings=\"{&quot;background_background&quot;:&quot;classic&quot;}\">\n\t\t\t\t\t\t<div class=\"elementor-container elementor-column-gap-default\">\n\t\t\t\t\t<div class=\"elementor-column elementor-col-66 elementor-top-column elementor-element elementor-element-f1930f9\" data-id=\"f1930f9\" data-element_type=\"column\" data-e-type=\"column\">\n\t\t\t<div class=\"elementor-widget-wrap elementor-element-populated\">\n\t\t\t\t\t\t<div class=\"elementor-element elementor-element-f81c78c elementor-invisible elementor-widget elementor-widget-image\" data-id=\"f81c78c\" data-element_type=\"widget\" data-e-type=\"widget\" data-settings=\"{&quot;_animation&quot;:&quot;zoomInDown&quot;}\" data-widget_type=\"image.default\">\n\t\t\t\t<div class=\"elementor-widget-container\">\n\t\t\t\t\t\t\t\t\t\t\t\t\t\t\t<img fetchpriority=\"high\" decoding=\"async\" width=\"1024\" height=\"700\" src=\"https:\/\/slagrklub.cz\/wp-content\/uploads\/2023\/01\/Uvodni-banner1024x700.webp\" class=\"attachment-large size-large wp-image-56\" alt=\"\" srcset=\"https:\/\/slagrklub.cz\/wp-content\/uploads\/2023\/01\/Uvodni-banner1024x700.webp 1024w, https:\/\/slagrklub.cz\/wp-content\/uploads\/2023\/01\/Uvodni-banner1024x700-300x205.webp 300w, https:\/\/slagrklub.cz\/wp-content\/uploads\/2023\/01\/Uvodni-banner1024x700-768x525.webp 768w\" sizes=\"(max-width: 1024px) 100vw, 1024px\" \/>\t\t\t\t\t\t\t\t\t\t\t\t\t\t\t<\/div>\n\t\t\t\t<\/div>\n\t\t\t\t<div class=\"elementor-element elementor-element-0f0f275 elementor-widget elementor-widget-heading\" data-id=\"0f0f275\" data-element_type=\"widget\" data-e-type=\"widget\" data-widget_type=\"heading.default\">\n\t\t\t\t<div class=\"elementor-widget-container\">\n\t\t\t\t\t<h2 class=\"elementor-heading-title elementor-size-default\">Sta\u0148te se akcion\u00e1\u0159em \u0160l\u00e1gr klubu a.s.<\/h2>\t\t\t\t<\/div>\n\t\t\t\t<\/div>\n\t\t\t\t<div class=\"elementor-element elementor-element-fb3efd0 elementor-widget elementor-widget-text-editor\" data-id=\"fb3efd0\" data-element_type=\"widget\" data-e-type=\"widget\" data-widget_type=\"text-editor.default\">\n\t\t\t\t<div class=\"elementor-widget-container\">\n\t\t\t\t\t\t\t\t\t<p>M\u00e1te chu\u0165 investovat tak, abyste m\u011bli jistotu a klid? M\u00e1te r\u00e1di \u0160l\u00e1gr, jeho program, p\u00edsni\u010dky, po\u0159ady a obsah, kter\u00fd v\u00e1m na sv\u00fdch t\u0159ech programech nab\u00edz\u00ed? Pak nen\u00ed nic jednodu\u0161\u0161\u00edho, ne\u017e si <a href=\"https:\/\/slagrklub.cz\/?page_id=86\" target=\"_blank\" rel=\"noopener\">koupit akcie \u0160l\u00e1gr klubu a.s.<\/a> a st\u00e1t se tak spolumajiteli n\u00e1rodn\u00edho d\u011bdictv\u00ed, kter\u00e9 Karel Peterka za roky sv\u00e9 pr\u00e1ce vytvo\u0159il a nashrom\u00e1\u017edil.<\/p>\t\t\t\t\t\t\t\t<\/div>\n\t\t\t\t<\/div>\n\t\t\t\t\t<\/div>\n\t\t<\/div>\n\t\t\t\t<div class=\"elementor-column elementor-col-33 elementor-top-column elementor-element elementor-element-b6b2004 elementor-invisible\" data-id=\"b6b2004\" data-element_type=\"column\" data-e-type=\"column\" data-settings=\"{&quot;animation&quot;:&quot;fadeInRight&quot;,&quot;animation_delay&quot;:300}\">\n\t\t\t<div class=\"elementor-widget-wrap elementor-element-populated\">\n\t\t\t\t\t\t<div class=\"elementor-element elementor-element-b8b1578 elementor-widget elementor-widget-heading\" data-id=\"b8b1578\" data-element_type=\"widget\" data-e-type=\"widget\" data-widget_type=\"heading.default\">\n\t\t\t\t<div class=\"elementor-widget-container\">\n\t\t\t\t\t<h2 class=\"elementor-heading-title elementor-size-default\">Informace ZDARMA<\/h2>\t\t\t\t<\/div>\n\t\t\t\t<\/div>\n\t\t\t\t<div class=\"elementor-element elementor-element-cdcae2a elementor-widget elementor-widget-text-editor\" data-id=\"cdcae2a\" data-element_type=\"widget\" data-e-type=\"widget\" data-widget_type=\"text-editor.default\">\n\t\t\t\t<div class=\"elementor-widget-container\">\n\t\t\t\t\t\t\t\t\t<p>Chcete dost\u00e1vat ZDARMA informace o novink\u00e1ch ve \u0160l\u00e1gr klubu a.s.? Sta\u010d\u00ed vyplnit jednoduch\u00fd formul\u00e1\u0159.<\/p>\t\t\t\t\t\t\t\t<\/div>\n\t\t\t\t<\/div>\n\t\t\t\t<div class=\"elementor-element elementor-element-85833ff elementor-align-center elementor-widget elementor-widget-button\" data-id=\"85833ff\" data-element_type=\"widget\" data-e-type=\"widget\" data-widget_type=\"button.default\">\n\t\t\t\t<div class=\"elementor-widget-container\">\n\t\t\t\t\t\t\t\t\t<div class=\"elementor-button-wrapper\">\n\t\t\t\t\t<a class=\"elementor-button elementor-button-link elementor-size-sm\" href=\"https:\/\/slagrklub.cz\/?page_id=203\">\n\t\t\t\t\t\t<span class=\"elementor-button-content-wrapper\">\n\t\t\t\t\t\t\t\t\t<span class=\"elementor-button-text\">chci informace ZDARMA<\/span>\n\t\t\t\t\t<\/span>\n\t\t\t\t\t<\/a>\n\t\t\t\t<\/div>\n\t\t\t\t\t\t\t\t<\/div>\n\t\t\t\t<\/div>\n\t\t\t\t<div class=\"elementor-element elementor-element-5c4d969 elementor-widget elementor-widget-heading\" data-id=\"5c4d969\" data-element_type=\"widget\" data-e-type=\"widget\" data-widget_type=\"heading.default\">\n\t\t\t\t<div class=\"elementor-widget-container\">\n\t\t\t\t\t<h2 class=\"elementor-heading-title elementor-size-default\">Objedn\u00e1vka akci\u00ed<\/h2>\t\t\t\t<\/div>\n\t\t\t\t<\/div>\n\t\t\t\t<div class=\"elementor-element elementor-element-70f957c elementor-widget elementor-widget-text-editor\" data-id=\"70f957c\" data-element_type=\"widget\" data-e-type=\"widget\" data-widget_type=\"text-editor.default\">\n\t\t\t\t<div class=\"elementor-widget-container\">\n\t\t\t\t\t\t\t\t\t<p>M\u00e1te z\u00e1jem o akcie? Chcete si n\u011bjakou koupit? Pod\u00edvejte se na na\u0161i nab\u00eddku.<\/p>\t\t\t\t\t\t\t\t<\/div>\n\t\t\t\t<\/div>\n\t\t\t\t<div class=\"elementor-element elementor-element-003a5cc elementor-align-center elementor-widget elementor-widget-button\" data-id=\"003a5cc\" data-element_type=\"widget\" data-e-type=\"widget\" data-widget_type=\"button.default\">\n\t\t\t\t<div class=\"elementor-widget-container\">\n\t\t\t\t\t\t\t\t\t<div class=\"elementor-button-wrapper\">\n\t\t\t\t\t<a class=\"elementor-button elementor-button-link elementor-size-sm\" href=\"https:\/\/slagrklub.cz\/?page_id=86\">\n\t\t\t\t\t\t<span class=\"elementor-button-content-wrapper\">\n\t\t\t\t\t\t\t\t\t<span class=\"elementor-button-text\">chci koupit akcie<\/span>\n\t\t\t\t\t<\/span>\n\t\t\t\t\t<\/a>\n\t\t\t\t<\/div>\n\t\t\t\t\t\t\t\t<\/div>\n\t\t\t\t<\/div>\n\t\t\t\t<div class=\"elementor-element elementor-element-56ca9d8 elementor-widget elementor-widget-text-editor\" data-id=\"56ca9d8\" data-element_type=\"widget\" data-e-type=\"widget\" data-widget_type=\"text-editor.default\">\n\t\t\t\t<div class=\"elementor-widget-container\">\n\t\t\t\t\t\t\t\t\t<p>Ka\u017ed\u00fd akcion\u00e1\u0159 \u0160l\u00e1gr klubu a.s. m\u00e1 od n\u00e1s zakoupen\u00e9 akcie kryt\u00e9 zlatem.<\/p>\t\t\t\t\t\t\t\t<\/div>\n\t\t\t\t<\/div>\n\t\t\t\t<div class=\"elementor-element elementor-element-ac68e12 elementor-widget elementor-widget-image\" data-id=\"ac68e12\" data-element_type=\"widget\" data-e-type=\"widget\" data-widget_type=\"image.default\">\n\t\t\t\t<div class=\"elementor-widget-container\">\n\t\t\t\t\t\t\t\t\t\t\t\t\t\t\t<img decoding=\"async\" width=\"1000\" height=\"750\" src=\"https:\/\/slagrklub.cz\/wp-content\/uploads\/2023\/01\/Zlato-small-web.webp\" class=\"attachment-large size-large wp-image-150\" alt=\"Akcie jsou kryt\u00e9 zlatem\" srcset=\"https:\/\/slagrklub.cz\/wp-content\/uploads\/2023\/01\/Zlato-small-web.webp 1000w, https:\/\/slagrklub.cz\/wp-content\/uploads\/2023\/01\/Zlato-small-web-300x225.webp 300w, https:\/\/slagrklub.cz\/wp-content\/uploads\/2023\/01\/Zlato-small-web-768x576.webp 768w\" sizes=\"(max-width: 1000px) 100vw, 1000px\" \/>\t\t\t\t\t\t\t\t\t\t\t\t\t\t\t<\/div>\n\t\t\t\t<\/div>\n\t\t\t\t\t<\/div>\n\t\t<\/div>\n\t\t\t\t\t<\/div>\n\t\t<\/section>\n\t\t\t\t<section class=\"elementor-section elementor-top-section elementor-element elementor-element-6d37855 elementor-section-stretched elementor-section-boxed elementor-section-height-default elementor-section-height-default elementor-invisible\" data-id=\"6d37855\" data-element_type=\"section\" data-e-type=\"section\" data-settings=\"{&quot;stretch_section&quot;:&quot;section-stretched&quot;,&quot;animation&quot;:&quot;zoomIn&quot;,&quot;animation_delay&quot;:300}\">\n\t\t\t\t\t\t<div class=\"elementor-container elementor-column-gap-default\">\n\t\t\t\t\t<div class=\"elementor-column elementor-col-100 elementor-top-column elementor-element elementor-element-161a022\" data-id=\"161a022\" data-element_type=\"column\" data-e-type=\"column\">\n\t\t\t<div class=\"elementor-widget-wrap elementor-element-populated\">\n\t\t\t\t\t\t<div class=\"elementor-element elementor-element-a4bc5c9 elementor-widget elementor-widget-heading\" data-id=\"a4bc5c9\" data-element_type=\"widget\" data-e-type=\"widget\" data-widget_type=\"heading.default\">\n\t\t\t\t<div class=\"elementor-widget-container\">\n\t\t\t\t\t<h2 class=\"elementor-heading-title elementor-size-default\">3. vlna prodeje akci\u00ed kon\u010d\u00ed 31. 12. 2025<\/h2>\t\t\t\t<\/div>\n\t\t\t\t<\/div>\n\t\t\t\t<div class=\"elementor-element elementor-element-f88b9b5 elementor-widget elementor-widget-text-editor\" data-id=\"f88b9b5\" data-element_type=\"widget\" data-e-type=\"widget\" data-widget_type=\"text-editor.default\">\n\t\t\t\t<div class=\"elementor-widget-container\">\n\t\t\t\t\t\t\t\t\t<p>V druh\u00e9 vln\u011b je mo\u017eno <a href=\"https:\/\/slagrklub.cz\/?page_id=86\">po\u0159\u00edd\u00edt akcie<\/a> s a\u017eio 20%.\u00a0 Tato nab\u00eddka kon\u010d\u00ed 31. 12. 2025 ve 23:59, tedy nap\u0159. akcii v hodnot\u011b 1.000 K\u010d koupit za 1.400 K\u010d.\u00a0 N\u00e1sledn\u011b bude n\u00e1kupn\u00ed cena nav\u00fd\u0161ena na 30%. Pak tedy ji\u017e bude mo\u017eno nakoupit akcii v hodnot\u011b 1.000 K\u010d za 1.600 K\u010d.\u00a0<\/p>\t\t\t\t\t\t\t\t<\/div>\n\t\t\t\t<\/div>\n\t\t\t\t\t<\/div>\n\t\t<\/div>\n\t\t\t\t\t<\/div>\n\t\t<\/section>\n\t\t\t\t<section class=\"elementor-section elementor-top-section elementor-element elementor-element-f95af51 elementor-section-boxed elementor-section-height-default elementor-section-height-default\" data-id=\"f95af51\" data-element_type=\"section\" data-e-type=\"section\" data-settings=\"{&quot;background_background&quot;:&quot;classic&quot;}\">\n\t\t\t\t\t\t<div class=\"elementor-container elementor-column-gap-default\">\n\t\t\t\t\t<div class=\"elementor-column elementor-col-33 elementor-top-column elementor-element elementor-element-b50b919\" data-id=\"b50b919\" data-element_type=\"column\" data-e-type=\"column\">\n\t\t\t<div class=\"elementor-widget-wrap elementor-element-populated\">\n\t\t\t\t\t\t<div class=\"elementor-element elementor-element-b647ade elementor-widget elementor-widget-image\" data-id=\"b647ade\" data-element_type=\"widget\" data-e-type=\"widget\" data-widget_type=\"image.default\">\n\t\t\t\t<div class=\"elementor-widget-container\">\n\t\t\t\t\t\t\t\t\t\t\t\t\t\t\t<img decoding=\"async\" width=\"900\" height=\"450\" src=\"https:\/\/slagrklub.cz\/wp-content\/uploads\/2023\/01\/Banner-1-3-VIP-akcionar.webp\" class=\"attachment-large size-large wp-image-325\" alt=\"Banner 1-3 VIP akciona\u0301r\u030c\" srcset=\"https:\/\/slagrklub.cz\/wp-content\/uploads\/2023\/01\/Banner-1-3-VIP-akcionar.webp 900w, https:\/\/slagrklub.cz\/wp-content\/uploads\/2023\/01\/Banner-1-3-VIP-akcionar-300x150.webp 300w, https:\/\/slagrklub.cz\/wp-content\/uploads\/2023\/01\/Banner-1-3-VIP-akcionar-768x384.webp 768w\" sizes=\"(max-width: 900px) 100vw, 900px\" \/>\t\t\t\t\t\t\t\t\t\t\t\t\t\t\t<\/div>\n\t\t\t\t<\/div>\n\t\t\t\t<div class=\"elementor-element elementor-element-f493a19 elementor-widget elementor-widget-text-editor\" data-id=\"f493a19\" data-element_type=\"widget\" data-e-type=\"widget\" data-widget_type=\"text-editor.default\">\n\t\t\t\t<div class=\"elementor-widget-container\">\n\t\t\t\t\t\t\t\t\t<p><a href=\"https:\/\/slagrklub.cz\/?page_id=436\">Sta\u0148te si VIP akcion\u00e1\u0159em<\/a> za 30 000 K\u010d a z\u00edsk\u00e1te exkluzivn\u00ed p\u0159\u00edstup na VIP akce, budete p\u0159ednostn\u011b dost\u00edvat nab\u00eddky apod.<\/p>\t\t\t\t\t\t\t\t<\/div>\n\t\t\t\t<\/div>\n\t\t\t\t<div class=\"elementor-element elementor-element-62adf28 elementor-align-center elementor-widget elementor-widget-button\" data-id=\"62adf28\" data-element_type=\"widget\" data-e-type=\"widget\" data-widget_type=\"button.default\">\n\t\t\t\t<div class=\"elementor-widget-container\">\n\t\t\t\t\t\t\t\t\t<div class=\"elementor-button-wrapper\">\n\t\t\t\t\t<a class=\"elementor-button elementor-button-link elementor-size-sm\" href=\"https:\/\/slagrklub.cz\/?page_id=436\">\n\t\t\t\t\t\t<span class=\"elementor-button-content-wrapper\">\n\t\t\t\t\t\t\t\t\t<span class=\"elementor-button-text\">VIP akcion\u00e1\u0159<\/span>\n\t\t\t\t\t<\/span>\n\t\t\t\t\t<\/a>\n\t\t\t\t<\/div>\n\t\t\t\t\t\t\t\t<\/div>\n\t\t\t\t<\/div>\n\t\t\t\t\t<\/div>\n\t\t<\/div>\n\t\t\t\t<div class=\"elementor-column elementor-col-33 elementor-top-column elementor-element elementor-element-64b5013\" data-id=\"64b5013\" data-element_type=\"column\" data-e-type=\"column\">\n\t\t\t<div class=\"elementor-widget-wrap elementor-element-populated\">\n\t\t\t\t\t\t<div class=\"elementor-element elementor-element-6eec807 elementor-widget elementor-widget-image\" data-id=\"6eec807\" data-element_type=\"widget\" data-e-type=\"widget\" data-widget_type=\"image.default\">\n\t\t\t\t<div class=\"elementor-widget-container\">\n\t\t\t\t\t\t\t\t\t\t\t\t\t\t\t<img loading=\"lazy\" decoding=\"async\" width=\"900\" height=\"450\" src=\"https:\/\/slagrklub.cz\/wp-content\/uploads\/2023\/01\/Banner-1-3-revue.webp\" class=\"attachment-large size-large wp-image-348\" alt=\"\u0160l\u00e1gr Revue\" srcset=\"https:\/\/slagrklub.cz\/wp-content\/uploads\/2023\/01\/Banner-1-3-revue.webp 900w, https:\/\/slagrklub.cz\/wp-content\/uploads\/2023\/01\/Banner-1-3-revue-300x150.webp 300w, https:\/\/slagrklub.cz\/wp-content\/uploads\/2023\/01\/Banner-1-3-revue-768x384.webp 768w\" sizes=\"(max-width: 900px) 100vw, 900px\" \/>\t\t\t\t\t\t\t\t\t\t\t\t\t\t\t<\/div>\n\t\t\t\t<\/div>\n\t\t\t\t<div class=\"elementor-element elementor-element-010a489 elementor-widget elementor-widget-text-editor\" data-id=\"010a489\" data-element_type=\"widget\" data-e-type=\"widget\" data-widget_type=\"text-editor.default\">\n\t\t\t\t<div class=\"elementor-widget-container\">\n\t\t\t\t\t\t\t\t\t<p>Po\u0159i\u010fte si akcii v hodnot\u011b 2 000 K\u010d a jako <a href=\"https:\/\/slagrklub.cz\/?page_id=514\">d\u00e1rek<\/a> dostanete ro\u010dn\u00ed p\u0159edplatn\u00e9 \u010dasopisu \u0160l\u00e1gr revue v hodnot\u011b 1 428 K\u010d.<\/p>\t\t\t\t\t\t\t\t<\/div>\n\t\t\t\t<\/div>\n\t\t\t\t<div class=\"elementor-element elementor-element-27d1c05 elementor-align-center elementor-widget elementor-widget-button\" data-id=\"27d1c05\" data-element_type=\"widget\" data-e-type=\"widget\" data-widget_type=\"button.default\">\n\t\t\t\t<div class=\"elementor-widget-container\">\n\t\t\t\t\t\t\t\t\t<div class=\"elementor-button-wrapper\">\n\t\t\t\t\t<a class=\"elementor-button elementor-button-link elementor-size-sm\" href=\"https:\/\/slagrklub.cz\/?page_id=514https:\/\/slagrklub.cz\/?page_id=514\">\n\t\t\t\t\t\t<span class=\"elementor-button-content-wrapper\">\n\t\t\t\t\t\t\t\t\t<span class=\"elementor-button-text\">V\u00edce informac\u00ed<\/span>\n\t\t\t\t\t<\/span>\n\t\t\t\t\t<\/a>\n\t\t\t\t<\/div>\n\t\t\t\t\t\t\t\t<\/div>\n\t\t\t\t<\/div>\n\t\t\t\t\t<\/div>\n\t\t<\/div>\n\t\t\t\t<div class=\"elementor-column elementor-col-33 elementor-top-column elementor-element elementor-element-f45f278\" data-id=\"f45f278\" data-element_type=\"column\" data-e-type=\"column\">\n\t\t\t<div class=\"elementor-widget-wrap elementor-element-populated\">\n\t\t\t\t\t\t<div class=\"elementor-element elementor-element-a60b9ab elementor-widget elementor-widget-image\" data-id=\"a60b9ab\" data-element_type=\"widget\" data-e-type=\"widget\" data-widget_type=\"image.default\">\n\t\t\t\t<div class=\"elementor-widget-container\">\n\t\t\t\t\t\t\t\t\t\t\t\t\t\t\t<img loading=\"lazy\" decoding=\"async\" width=\"900\" height=\"450\" src=\"https:\/\/slagrklub.cz\/wp-content\/uploads\/2023\/01\/Banner-1-3-Video-a-Foto.webp\" class=\"attachment-large size-large wp-image-573\" alt=\"Banner - Video a Foto\" srcset=\"https:\/\/slagrklub.cz\/wp-content\/uploads\/2023\/01\/Banner-1-3-Video-a-Foto.webp 900w, https:\/\/slagrklub.cz\/wp-content\/uploads\/2023\/01\/Banner-1-3-Video-a-Foto-300x150.webp 300w, https:\/\/slagrklub.cz\/wp-content\/uploads\/2023\/01\/Banner-1-3-Video-a-Foto-768x384.webp 768w\" sizes=\"(max-width: 900px) 100vw, 900px\" \/>\t\t\t\t\t\t\t\t\t\t\t\t\t\t\t<\/div>\n\t\t\t\t<\/div>\n\t\t\t\t<div class=\"elementor-element elementor-element-d452300 elementor-widget elementor-widget-text-editor\" data-id=\"d452300\" data-element_type=\"widget\" data-e-type=\"widget\" data-widget_type=\"text-editor.default\">\n\t\t\t\t<div class=\"elementor-widget-container\">\n\t\t\t\t\t\t\t\t\t<p>Na \u0160l\u00e1gr ORIGIN\u00c1L, MUZIKA\u00a0 a PR\u00c9MIUM v\u00e1s pravideln\u011b informujeme o novink\u00e1ch. Videa si m\u016f\u017eete i opakovan\u011b p\u0159ehr\u00e1t <a href=\"https:\/\/slagrklub.cz\/?page_id=570\">ZDE<\/a>.<\/p>\t\t\t\t\t\t\t\t<\/div>\n\t\t\t\t<\/div>\n\t\t\t\t<div class=\"elementor-element elementor-element-c3f802e elementor-align-center elementor-widget elementor-widget-button\" data-id=\"c3f802e\" data-element_type=\"widget\" data-e-type=\"widget\" data-widget_type=\"button.default\">\n\t\t\t\t<div class=\"elementor-widget-container\">\n\t\t\t\t\t\t\t\t\t<div class=\"elementor-button-wrapper\">\n\t\t\t\t\t<a class=\"elementor-button elementor-button-link elementor-size-sm\" href=\"https:\/\/slagrklub.cz\/?page_id=570\">\n\t\t\t\t\t\t<span class=\"elementor-button-content-wrapper\">\n\t\t\t\t\t\t\t\t\t<span class=\"elementor-button-text\">V\u00edce informac\u00ed<\/span>\n\t\t\t\t\t<\/span>\n\t\t\t\t\t<\/a>\n\t\t\t\t<\/div>\n\t\t\t\t\t\t\t\t<\/div>\n\t\t\t\t<\/div>\n\t\t\t\t\t<\/div>\n\t\t<\/div>\n\t\t\t\t\t<\/div>\n\t\t<\/section>\n\t\t\t\t<section class=\"elementor-section elementor-top-section elementor-element elementor-element-5a3e6a9 elementor-section-boxed elementor-section-height-default elementor-section-height-default\" data-id=\"5a3e6a9\" data-element_type=\"section\" data-e-type=\"section\">\n\t\t\t\t\t\t<div class=\"elementor-container elementor-column-gap-default\">\n\t\t\t\t\t<div class=\"elementor-column elementor-col-100 elementor-top-column elementor-element elementor-element-566d8eb\" data-id=\"566d8eb\" data-element_type=\"column\" data-e-type=\"column\">\n\t\t\t<div class=\"elementor-widget-wrap elementor-element-populated\">\n\t\t\t\t\t\t<div class=\"elementor-element elementor-element-4a4856d elementor-widget elementor-widget-nav-menu\" data-id=\"4a4856d\" data-element_type=\"widget\" data-e-type=\"widget\" data-widget_type=\"nav-menu.default\">\n\t\t\t\t<div class=\"elementor-widget-container\">\n\t\t\t\t\t \t\t\t\t<\/div>\n\t\t\t\t<\/div>\n\t\t\t\t\t<\/div>\n\t\t<\/div>\n\t\t\t\t\t<\/div>\n\t\t<\/section>\n\t\t\t\t<\/div>\n\t\t","protected":false},"excerpt":{"rendered":"<p>Sta\u0148te se akcion\u00e1\u0159em \u0160l\u00e1gr klubu a.s. M\u00e1te chu\u0165 investovat tak, abyste m\u011bli jistotu a klid? M\u00e1te r\u00e1di \u0160l\u00e1gr, jeho program, p\u00edsni\u010dky, po\u0159ady a obsah, kter\u00fd v\u00e1m na sv\u00fdch t\u0159ech programech nab\u00edz\u00ed? Pak nen\u00ed nic jednodu\u0161\u0161\u00edho, ne\u017e si koupit akcie \u0160l\u00e1gr klubu a.s. a st\u00e1t se tak spolumajiteli n\u00e1rodn\u00edho d\u011bdictv\u00ed, kter\u00e9 Karel Peterka za roky sv\u00e9 [&hellip;]<\/p>\n","protected":false},"author":2,"featured_media":0,"parent":0,"menu_order":0,"comment_status":"closed","ping_status":"closed","template":"elementor_header_footer","meta":{"site-sidebar-layout":"default","site-content-layout":"","ast-site-content-layout":"default","site-content-style":"default","site-sidebar-style":"default","ast-global-header-display":"","ast-banner-title-visibility":"","ast-main-header-display":"","ast-hfb-above-header-display":"","ast-hfb-below-header-display":"","ast-hfb-mobile-header-display":"","site-post-title":"","ast-breadcrumbs-content":"","ast-featured-img":"","footer-sml-layout":"","ast-disable-related-posts":"","theme-transparent-header-meta":"","adv-header-id-meta":"","stick-header-meta":"","header-above-stick-meta":"","header-main-stick-meta":"","header-below-stick-meta":"","astra-migrate-meta-layouts":"default","ast-page-background-enabled":"default","ast-page-background-meta":{"desktop":{"background-color":"var(--ast-global-color-4)","background-image":"","background-repeat":"repeat","background-position":"center center","background-size":"auto","background-attachment":"scroll","background-type":"","background-media":"","overlay-type":"","overlay-color":"","overlay-opacity":"","overlay-gradient":""},"tablet":{"background-color":"","background-image":"","background-repeat":"repeat","background-position":"center center","background-size":"auto","background-attachment":"scroll","background-type":"","background-media":"","overlay-type":"","overlay-color":"","overlay-opacity":"","overlay-gradient":""},"mobile":{"background-color":"","background-image":"","background-repeat":"repeat","background-position":"center center","background-size":"auto","background-attachment":"scroll","background-type":"","background-media":"","overlay-type":"","overlay-color":"","overlay-opacity":"","overlay-gradient":""}},"ast-content-background-meta":{"desktop":{"background-color":"var(--ast-global-color-5)","background-image":"","background-repeat":"repeat","background-position":"center center","background-size":"auto","background-attachment":"scroll","background-type":"","background-media":"","overlay-type":"","overlay-color":"","overlay-opacity":"","overlay-gradient":""},"tablet":{"background-color":"var(--ast-global-color-5)","background-image":"","background-repeat":"repeat","background-position":"center center","background-size":"auto","background-attachment":"scroll","background-type":"","background-media":"","overlay-type":"","overlay-color":"","overlay-opacity":"","overlay-gradient":""},"mobile":{"background-color":"var(--ast-global-color-5)","background-image":"","background-repeat":"repeat","background-position":"center center","background-size":"auto","background-attachment":"scroll","background-type":"","background-media":"","overlay-type":"","overlay-color":"","overlay-opacity":"","overlay-gradient":""}},"footnotes":""},"class_list":["post-40","page","type-page","status-publish","hentry"],"_links":{"self":[{"href":"https:\/\/slagrklub.cz\/index.php?rest_route=\/wp\/v2\/pages\/40","targetHints":{"allow":["GET"]}}],"collection":[{"href":"https:\/\/slagrklub.cz\/index.php?rest_route=\/wp\/v2\/pages"}],"about":[{"href":"https:\/\/slagrklub.cz\/index.php?rest_route=\/wp\/v2\/types\/page"}],"author":[{"embeddable":true,"href":"https:\/\/slagrklub.cz\/index.php?rest_route=\/wp\/v2\/users\/2"}],"replies":[{"embeddable":true,"href":"https:\/\/slagrklub.cz\/index.php?rest_route=%2Fwp%2Fv2%2Fcomments&post=40"}],"version-history":[{"count":317,"href":"https:\/\/slagrklub.cz\/index.php?rest_route=\/wp\/v2\/pages\/40\/revisions"}],"predecessor-version":[{"id":860,"href":"https:\/\/slagrklub.cz\/index.php?rest_route=\/wp\/v2\/pages\/40\/revisions\/860"}],"wp:attachment":[{"href":"https:\/\/slagrklub.cz\/index.php?rest_route=%2Fwp%2Fv2%2Fmedia&parent=40"}],"curies":[{"name":"wp","href":"https:\/\/api.w.org\/{rel}","templated":true}]}}